{"id":8605,"date":"2025-07-18T12:41:03","date_gmt":"2025-07-18T10:41:03","guid":{"rendered":"https:\/\/www.skilledtattoos.com\/inici\/"},"modified":"2026-01-07T13:47:45","modified_gmt":"2026-01-07T11:47:45","slug":"inici","status":"publish","type":"page","link":"https:\/\/www.skilledtattoos.com\/es\/","title":{"rendered":"Inicio"},"content":{"rendered":"<div class=\"wpb-content-wrapper\"><p>[vc_row content_aligment=\u00bbcenter\u00bb css=\u00bb.vc_custom_1485945555496{border-top-width: 20px !important;padding-top: 128px !important;padding-bottom: 130px !important;border-top-color: #151515 !important;border-top-style: solid !important;}\u00bb][vc_column][vc_single_image image=\u00bb7824&#8243; img_size=\u00bbfull\u00bb alignment=\u00bbcenter\u00bb css=\u00bb\u00bb][vc_empty_space height=\u00bb24px\u00bb]<div class=\"edgtf-elements-holder edgtf-responsive-mode-768\" ><div class=\"edgtf-elements-holder-item edgtf-horizontal-alignment-center\" data-item-class=\"edgtf-elements-holder-custom-172417\" data-1280-1440=\"0% 27% 0% 27%\" data-1024-1280=\"0% 27% 0% 27%\" data-768-1024=\"0% 20% 0% 20%\" data-600-768=\"0% 12% 0% 12%\" data-480=\"0% 14% 0% 14%\" >\n\t\t<div class=\"edgtf-elements-holder-item-inner\">\n\t\t<div class=\"edgtf-elements-holder-item-content edgtf-elements-holder-custom-172417\" style=\"padding: 0% 30% 0% 30%\">\n\t\t\t[vc_column_text css=\u00bb\u00bb]<\/p>\n<h6><span style=\"color: #000000;\">Arte y pasi\u00f3n en cada trazo, por una piel con historia. Creamos recuerdos en la piel<\/span><\/h6>\n<p>[\/vc_column_text]\t\t<\/div>\n\t<\/div>\n\t<\/div><\/div>[vc_empty_space height=\u00bb23px\u00bb][\/vc_column][\/vc_row][vc_row content_aligment=\u00bbcenter\u00bb css=\u00bb.vc_custom_1753697200932{background-image: url(https:\/\/www.skilledtattoos.com\/wp-content\/uploads\/2017\/01\/h1-parallax-img-1.jpg?id=7045) !important;}\u00bb][vc_column css=\u00bb.vc_custom_1485871926310{margin-right: -5% !important;}\u00bb]<div class=\"edgtf-elements-holder edgtf-responsive-mode-768\" ><div class=\"edgtf-elements-holder-item edgtf-horizontal-alignment-center edgtf-eh-clickable\" data-item-class=\"edgtf-elements-holder-custom-289703\" data-600-768=\"10.3% 0 8.3% 0\" data-480=\"25% 0 26% 0\" >\n\t\t\t<a class=\"edgtf-eh-item-link\" href=\"\" target=\"_self\"><\/a>\n\t\t<div class=\"edgtf-elements-holder-item-inner\">\n\t\t<div class=\"edgtf-elements-holder-item-content edgtf-elements-holder-custom-289703\" style=\"padding: 8.3% 0 8.3% 0\">\n\t\t\t[vc_column_text css=\u00bb\u00bb]<\/p>\n<h1 style=\"text-align: center; color: #c59d5f;\">HORARIO DE TATUAJE 24h<\/h1>\n<h3 style=\"text-align: center; color: #edeef0;\">Seg\u00fan lo que podr\u00e1 ser el mismo d\u00eda,<br \/>\npero si no es as\u00ed, y s\u00f3lo puedes un cierto d\u00eda y una cierta hora,<br \/>\nencontraremos el momento<\/h3>\n<p>[\/vc_column_text]\t\t<\/div>\n\t<\/div>\n\t<\/div><\/div>[\/vc_column][\/vc_row]<\/p>\n<\/div>","protected":false},"excerpt":{"rendered":"<p>[vc_row content_aligment=\u00bbcenter\u00bb css=\u00bb.vc_custom_1485945555496{border-top-width: 20px !important;padding-top: 128px !important;padding-bottom: 130px !important;border-top-color: #151515 !important;border-top-style: solid !important;}\u00bb][vc_column][vc_single_image image=\u00bb7824&#8243; img_size=\u00bbfull\u00bb alignment=\u00bbcenter\u00bb css=\u00bb\u00bb][vc_empty_space height=\u00bb24px\u00bb][vc_empty_space height=\u00bb23px\u00bb][\/vc_column][\/vc_row][vc_row content_aligment=\u00bbcenter\u00bb css=\u00bb.vc_custom_1753697200932{background-image: url(https:\/\/www.skilledtattoos.com\/wp-content\/uploads\/2017\/01\/h1-parallax-img-1.jpg?id=7045) !important;}\u00bb][vc_column css=\u00bb.vc_custom_1485871926310{margin-right: -5% !important;}\u00bb][\/vc_column][\/vc_row]<\/p>\n","protected":false},"author":1,"featured_media":0,"parent":0,"menu_order":1,"comment_status":"closed","ping_status":"closed","template":"full-width.php","meta":{"footnotes":""},"class_list":["post-8605","page","type-page","status-publish","hentry"],"aioseo_notices":[],"_links":{"self":[{"href":"https:\/\/www.skilledtattoos.com\/es\/wp-json\/wp\/v2\/pages\/8605","targetHints":{"allow":["GET"]}}],"collection":[{"href":"https:\/\/www.skilledtattoos.com\/es\/wp-json\/wp\/v2\/pages"}],"about":[{"href":"https:\/\/www.skilledtattoos.com\/es\/wp-json\/wp\/v2\/types\/page"}],"author":[{"embeddable":true,"href":"https:\/\/www.skilledtattoos.com\/es\/wp-json\/wp\/v2\/users\/1"}],"replies":[{"embeddable":true,"href":"https:\/\/www.skilledtattoos.com\/es\/wp-json\/wp\/v2\/comments?post=8605"}],"version-history":[{"count":3,"href":"https:\/\/www.skilledtattoos.com\/es\/wp-json\/wp\/v2\/pages\/8605\/revisions"}],"predecessor-version":[{"id":8634,"href":"https:\/\/www.skilledtattoos.com\/es\/wp-json\/wp\/v2\/pages\/8605\/revisions\/8634"}],"wp:attachment":[{"href":"https:\/\/www.skilledtattoos.com\/es\/wp-json\/wp\/v2\/media?parent=8605"}],"curies":[{"name":"wp","href":"https:\/\/api.w.org\/{rel}","templated":true}]}}