{"id":8609,"date":"2025-07-18T13:34:33","date_gmt":"2025-07-18T11:34:33","guid":{"rendered":"https:\/\/www.skilledtattoos.com\/lestudi\/"},"modified":"2026-01-07T14:17:19","modified_gmt":"2026-01-07T12:17:19","slug":"estudio","status":"publish","type":"page","link":"https:\/\/www.skilledtattoos.com\/es\/estudio\/","title":{"rendered":"Estudio"},"content":{"rendered":"<div class=\"wpb-content-wrapper\"><p>[vc_row row_type=\u00bbparallax\u00bb content_aligment=\u00bbcenter\u00bb full_screen_section_height=\u00bbno\u00bb parallax_background_image=\u00bb7897&#8243;][vc_column]<div class=\"edgtf-elements-holder edgtf-responsive-mode-768\" ><div class=\"edgtf-elements-holder-item edgtf-horizontal-alignment-center\" data-item-class=\"edgtf-elements-holder-custom-278082\" data-1024-1280=\"12% 16% 12.4% 16%\" data-600-768=\"12% 18% 12.4% 18%\" data-480=\"12% 4% 12.4% 4%\" >\n\t\t<div class=\"edgtf-elements-holder-item-inner\">\n\t\t<div class=\"edgtf-elements-holder-item-content edgtf-elements-holder-custom-278082\" style=\"padding: 12% 28% 12.4% 28%\">\n\t\t\t[vc_column_text css=\u00bb\u00bb]<\/p>\n<h1><span style=\"color: #c59d5f;\">Estudio<\/span><\/h1>\n<p>[\/vc_column_text][vc_empty_space height=\u00bb12px\u00bb]\t\t<\/div>\n\t<\/div>\n\t<\/div><\/div>[\/vc_column][\/vc_row][vc_row][vc_column][vc_empty_space][\/vc_column][\/vc_row][vc_row content_aligment=\u00bbcenter\u00bb][vc_column]<div class=\"edgtf-elements-holder edgtf-two-columns edgtf-responsive-mode-768\" ><div class=\"edgtf-elements-holder-item \" data-item-class=\"edgtf-elements-holder-custom-890333\" style=\"background-color: #000000\">\n\t\t<div class=\"edgtf-elements-holder-item-inner\">\n\t\t<div class=\"edgtf-elements-holder-item-content edgtf-elements-holder-custom-890333\" >\n\t\t\t[vc_single_image image=\u00bb7855&#8243; img_size=\u00bbfull\u00bb alignment=\u00bbcenter\u00bb css=\u00bb\u00bb]\t\t<\/div>\n\t<\/div>\n\t<\/div><div class=\"edgtf-elements-holder-item \" data-item-class=\"edgtf-elements-holder-custom-397622\" data-1280-1440=\"15.4% 11% 16.3% 11%\" data-768-1024=\"15.4% 13% 16.3% 13%\" data-480=\"15.4% 4% 16.3% 4%\" >\n\t\t<div class=\"edgtf-elements-holder-item-inner\">\n\t\t<div class=\"edgtf-elements-holder-item-content edgtf-elements-holder-custom-397622\" style=\"padding: 15.4% 21% 16.3% 21%\">\n\t\t\t[vc_column_text css=\u00bb\u00bb]<\/p>\n<h2>Presentaci\u00f3n<\/h2>\n<p>[\/vc_column_text][vc_empty_space height=\u00bb7px\u00bb][vc_column_text css=\u00bb\u00bb]<\/p>\n<h6><span style=\"color: #000000;\">del estudio de tatuajes<\/span><\/h6>\n<p>[\/vc_column_text][vc_empty_space height=\u00bb18px\u00bb][vc_column_text css=\u00bb\u00bb]Soy tatuador titulado desde 2023 y trabajo en dos ubicaciones: en Solsona (Calle Castell, 8) y en Rialp (Avda. de Flora Cadena, 53, 2\u00ba 1a). Mi estudio es un espacio profesional, seguro y enfocado en ofrecer tatuajes de calidad adaptados a cada persona.<\/p>\n<p>Me especializo en dise\u00f1os personalizados, con atenci\u00f3n al detalle y respeto por la piel y el significado detr\u00e1s de cada prenda. Adem\u00e1s del servicio de tatuaje, tambi\u00e9n ofrezco borrado y aclarado de tatuajes con l\u00e1ser, ideal para quienes quieren eliminar o cubrir trabajos antiguos.<\/p>\n<p>Trabajo solo, por cita previa, y con la dedicaci\u00f3n que cada cliente merece. Si buscas un trato cercano, profesional y honesto, est\u00e1s en el sitio adecuado.[\/vc_column_text][vc_empty_space height=\u00bb31px\u00bb]<a href=\"https:\/\/www.skilledtattoos.com\/es\/contacto\" target=\"_self\"  class=\"edgtf-btn edgtf-btn-large edgtf-btn-solid edgtf-btn-hover-blink\"  >\n    <span class=\"edgtf-btn-text\">CONTACTO<\/span>\n    <\/a>\t\t<\/div>\n\t<\/div>\n\t<\/div><\/div>[\/vc_column][\/vc_row][vc_row][vc_column][vc_empty_space][\/vc_column][\/vc_row][vc_row content_width=\u00bbgrid\u00bb][vc_column width=\u00bb1\/3&#8243;][vc_single_image image=\u00bb8498&#8243; img_size=\u00bbfull\u00bb css=\u00bb\u00bb][vc_empty_space height=\u00bb5px\u00bb][\/vc_column][vc_column width=\u00bb1\/3&#8243; css=\u00bb.vc_custom_1753095011397{padding-right: 40px !important;padding-left: 40px !important;}\u00bb][vc_single_image image=\u00bb8515&#8243; img_size=\u00bbfull\u00bb css=\u00bb\u00bb][vc_empty_space height=\u00bb5px\u00bb][vc_column_text css=\u00bb\u00bb]<\/p>\n<h5 style=\"text-align: center;\">Soy tatuador titulado desde 2023<\/h5>\n<p>[\/vc_column_text][\/vc_column][vc_column width=\u00bb1\/3&#8243;][vc_single_image image=\u00bb8517&#8243; img_size=\u00bbfull\u00bb css=\u00bb\u00bb][vc_empty_space height=\u00bb5px\u00bb][\/vc_column][\/vc_row][vc_row][vc_column][vc_empty_space][\/vc_column][\/vc_row][vc_row content_width=\u00bbgrid\u00bb][vc_column width=\u00bb1\/2&#8243; css=\u00bb.vc_custom_1753696017343{padding-right: 20px !important;padding-left: 20px !important;}\u00bb][vc_single_image image=\u00bb8505&#8243; img_size=\u00bbfull\u00bb css=\u00bb\u00bb][vc_empty_space height=\u00bb5px\u00bb][vc_column_text css=\u00bb\u00bb]<\/p>\n<h5 style=\"text-align: center;\">Servicio de tatuajes con la m\u00e1xima comodidad<\/h5>\n<p>[\/vc_column_text][\/vc_column][vc_column width=\u00bb1\/2&#8243; css=\u00bb.vc_custom_1753696006864{padding-right: 20px !important;padding-left: 20px !important;}\u00bb][vc_single_image image=\u00bb8508&#8243; img_size=\u00bbfull\u00bb css=\u00bb\u00bb][vc_empty_space height=\u00bb5px\u00bb][vc_column_text css=\u00bb\u00bb]<\/p>\n<h5 style=\"text-align: center;\">Eliminaci\u00f3n y aclarado de tatuajes con l\u00e1ser<\/h5>\n<p>[\/vc_column_text][\/vc_column][\/vc_row][vc_row][vc_column][vc_empty_space][\/vc_column][\/vc_row][vc_row css=\u00bb.vc_custom_1753695132178{background-color: #000000 !important;}\u00bb][vc_column][vc_empty_space height=\u00bb16px\u00bb][\/vc_column][\/vc_row][vc_row][vc_column]<div class=\"edgtf-elements-holder edgtf-three-columns edgtf-responsive-mode-768\" ><div class=\"edgtf-elements-holder-item edgtf-eh-with-zoom\" data-item-class=\"edgtf-elements-holder-custom-114166\" data-600-768=\"28% 0 28% 0\" data-480=\"27% 0 27% 0\" >\n\t\t<div class=\"edgtf-elements-holder-item-inner\">\n\t\t<div class=\"edgtf-elements-holder-item-content edgtf-elements-holder-custom-114166\" style=\"padding: 2% 0 2% 0\">\n\t\t\t\t\t<\/div>\n\t<\/div>\n\t\t\t<div class=\"edgtf-elements-holder-item-image-zoom\" style=\"background-image: url(https:\/\/www.skilledtattoos.com\/wp-content\/uploads\/2025\/07\/1000108538.jpg)\">\n\t\t<\/div>\n\t<\/div><div class=\"edgtf-elements-holder-item edgtf-horizontal-alignment-center\" data-item-class=\"edgtf-elements-holder-custom-854063\" data-1280-1440=\"15% 13% 14% 13%\" data-1024-1280=\"15% 17% 14% 17%\" data-768-1024=\"15% 8% 14% 8%\" data-480=\"15% 13% 14% 13%\" style=\"background-color: #f8f8f8\">\n\t\t<div class=\"edgtf-elements-holder-item-inner\">\n\t\t<div class=\"edgtf-elements-holder-item-content edgtf-elements-holder-custom-854063\" style=\"padding: 15% 18% 14% 18%\">\n\t\t\t[vc_empty_space height=\u00bb60px\u00bb][vc_column_text css=\u00bb\u00bb]<\/p>\n<h4>SKILLED TATTOOS<\/h4>\n<p>[\/vc_column_text][vc_empty_space height=\u00bb60px\u00bb]\t\t<\/div>\n\t<\/div>\n\t<\/div><div class=\"edgtf-elements-holder-item edgtf-eh-with-zoom\" data-item-class=\"edgtf-elements-holder-custom-568722\" data-600-768=\"28% 0 28% 0\" data-480=\"27% 0 27% 0\" >\n\t\t<div class=\"edgtf-elements-holder-item-inner\">\n\t\t<div class=\"edgtf-elements-holder-item-content edgtf-elements-holder-custom-568722\" style=\"padding: 0% 0% 0% 0%\">\n\t\t\t\t\t<\/div>\n\t<\/div>\n\t\t\t<div class=\"edgtf-elements-holder-item-image-zoom\" style=\"background-image: url(https:\/\/www.skilledtattoos.com\/wp-content\/uploads\/2025\/07\/1000108549.jpg)\">\n\t\t<\/div>\n\t<\/div><\/div>[\/vc_column][\/vc_row][vc_row css=\u00bb.vc_custom_1753695132178{background-color: #000000 !important;}\u00bb][vc_column][vc_empty_space height=\u00bb16px\u00bb][\/vc_column][\/vc_row][vc_row][vc_column]<div class=\"edgtf-elements-holder edgtf-three-columns edgtf-responsive-mode-768\" ><div class=\"edgtf-elements-holder-item edgtf-eh-with-zoom\" data-item-class=\"edgtf-elements-holder-custom-209988\" data-600-768=\"28% 0 28% 0\" data-480=\"27% 0 27% 0\" >\n\t\t<div class=\"edgtf-elements-holder-item-inner\">\n\t\t<div class=\"edgtf-elements-holder-item-content edgtf-elements-holder-custom-209988\" style=\"padding: 2% 0 2% 0\">\n\t\t\t\t\t<\/div>\n\t<\/div>\n\t\t\t<div class=\"edgtf-elements-holder-item-image-zoom\" style=\"background-image: url(https:\/\/www.skilledtattoos.com\/wp-content\/uploads\/2025\/07\/1000135117-scaled.jpg)\">\n\t\t<\/div>\n\t<\/div><div class=\"edgtf-elements-holder-item edgtf-horizontal-alignment-center\" data-item-class=\"edgtf-elements-holder-custom-929387\" data-1280-1440=\"15% 13% 14% 13%\" data-1024-1280=\"15% 17% 14% 17%\" data-768-1024=\"15% 8% 14% 8%\" data-480=\"15% 13% 14% 13%\" style=\"background-color: #f8f8f8\">\n\t\t<div class=\"edgtf-elements-holder-item-inner\">\n\t\t<div class=\"edgtf-elements-holder-item-content edgtf-elements-holder-custom-929387\" style=\"padding: 15% 18% 14% 18%\">\n\t\t\t[vc_empty_space height=\u00bb25px\u00bb][vc_column_text css=\u00bb\u00bb]Arte y pasi\u00f3n en cada trazo, para una piel con historia. Creamos recuerdos en la piel[\/vc_column_text][vc_empty_space height=\u00bb10px\u00bb]<a href=\"https:\/\/www.skilledtattoos.com\/es\/contacto\" target=\"_self\"  class=\"edgtf-btn edgtf-btn-large edgtf-btn-transparent edgtf-btn-hover-blink\"  >\n    <span class=\"edgtf-btn-text\">CONTACTO<\/span>\n    <\/a>[vc_empty_space height=\u00bb25px\u00bb]\t\t<\/div>\n\t<\/div>\n\t<\/div><div class=\"edgtf-elements-holder-item edgtf-eh-with-zoom\" data-item-class=\"edgtf-elements-holder-custom-393127\" data-600-768=\"28% 0 28% 0\" data-480=\"27% 0 27% 0\" >\n\t\t<div class=\"edgtf-elements-holder-item-inner\">\n\t\t<div class=\"edgtf-elements-holder-item-content edgtf-elements-holder-custom-393127\" style=\"padding: 0% 0% 0% 0%\">\n\t\t\t\t\t<\/div>\n\t<\/div>\n\t\t\t<div class=\"edgtf-elements-holder-item-image-zoom\" style=\"background-image: url(https:\/\/www.skilledtattoos.com\/wp-content\/uploads\/2025\/07\/Imatge-tattoo1-1.png)\">\n\t\t<\/div>\n\t<\/div><\/div>[\/vc_column][\/vc_row][vc_row css=\u00bb.vc_custom_1753695132178{background-color: #000000 !important;}\u00bb][vc_column][vc_empty_space height=\u00bb16px\u00bb][\/vc_column][\/vc_row][vc_row][vc_column width=\u00bb1\/3&#8243;][vc_single_image image=\u00bb7928&#8243; img_size=\u00bbfull\u00bb css=\u00bb\u00bb][vc_empty_space height=\u00bb5px\u00bb][\/vc_column][vc_column width=\u00bb1\/3&#8243;][vc_single_image image=\u00bb7930&#8243; img_size=\u00bbfull\u00bb css=\u00bb\u00bb][vc_empty_space height=\u00bb5px\u00bb][\/vc_column][vc_column width=\u00bb1\/3&#8243;][vc_single_image image=\u00bb7941&#8243; img_size=\u00bbfull\u00bb css=\u00bb\u00bb][vc_empty_space height=\u00bb5px\u00bb][\/vc_column][\/vc_row]<\/p>\n<\/div>","protected":false},"excerpt":{"rendered":"<p>[vc_row row_type=\u00bbparallax\u00bb content_aligment=\u00bbcenter\u00bb full_screen_section_height=\u00bbno\u00bb parallax_background_image=\u00bb7897&#8243;][vc_column][\/vc_column][\/vc_row][vc_row][vc_column][vc_empty_space][\/vc_column][\/vc_row][vc_row content_aligment=\u00bbcenter\u00bb][vc_column][\/vc_column][\/vc_row][vc_row][vc_column][vc_empty_space][\/vc_column][\/vc_row][vc_row content_width=\u00bbgrid\u00bb][vc_column width=\u00bb1\/3&#8243;][vc_single_image image=\u00bb8498&#8243; img_size=\u00bbfull\u00bb css=\u00bb\u00bb][vc_empty_space height=\u00bb5px\u00bb][\/vc_column][vc_column width=\u00bb1\/3&#8243; css=\u00bb.vc_custom_1753095011397{padding-right: 40px !important;padding-left: 40px !important;}\u00bb][vc_single_image image=\u00bb8515&#8243; img_size=\u00bbfull\u00bb css=\u00bb\u00bb][vc_empty_space height=\u00bb5px\u00bb][vc_column_text css=\u00bb\u00bb] Soy tatuador titulado desde 2023 [\/vc_column_text][\/vc_column][vc_column width=\u00bb1\/3&#8243;][vc_single_image image=\u00bb8517&#8243; img_size=\u00bbfull\u00bb css=\u00bb\u00bb][vc_empty_space height=\u00bb5px\u00bb][\/vc_column][\/vc_row][vc_row][vc_column][vc_empty_space][\/vc_column][\/vc_row][vc_row content_width=\u00bbgrid\u00bb][vc_column width=\u00bb1\/2&#8243; css=\u00bb.vc_custom_1753696017343{padding-right: 20px !important;padding-left: 20px !important;}\u00bb][vc_single_image image=\u00bb8505&#8243; img_size=\u00bbfull\u00bb css=\u00bb\u00bb][vc_empty_space height=\u00bb5px\u00bb][vc_column_text&#8230;<\/p>\n","protected":false},"author":1,"featured_media":0,"parent":0,"menu_order":2,"comment_status":"closed","ping_status":"closed","template":"full-width.php","meta":{"footnotes":""},"class_list":["post-8609","page","type-page","status-publish","hentry"],"aioseo_notices":[],"_links":{"self":[{"href":"https:\/\/www.skilledtattoos.com\/es\/wp-json\/wp\/v2\/pages\/8609","targetHints":{"allow":["GET"]}}],"collection":[{"href":"https:\/\/www.skilledtattoos.com\/es\/wp-json\/wp\/v2\/pages"}],"about":[{"href":"https:\/\/www.skilledtattoos.com\/es\/wp-json\/wp\/v2\/types\/page"}],"author":[{"embeddable":true,"href":"https:\/\/www.skilledtattoos.com\/es\/wp-json\/wp\/v2\/users\/1"}],"replies":[{"embeddable":true,"href":"https:\/\/www.skilledtattoos.com\/es\/wp-json\/wp\/v2\/comments?post=8609"}],"version-history":[{"count":5,"href":"https:\/\/www.skilledtattoos.com\/es\/wp-json\/wp\/v2\/pages\/8609\/revisions"}],"predecessor-version":[{"id":8636,"href":"https:\/\/www.skilledtattoos.com\/es\/wp-json\/wp\/v2\/pages\/8609\/revisions\/8636"}],"wp:attachment":[{"href":"https:\/\/www.skilledtattoos.com\/es\/wp-json\/wp\/v2\/media?parent=8609"}],"curies":[{"name":"wp","href":"https:\/\/api.w.org\/{rel}","templated":true}]}}