{"id":8612,"date":"2025-07-25T13:52:23","date_gmt":"2025-07-25T11:52:23","guid":{"rendered":"https:\/\/www.skilledtattoos.com\/impressio-3d\/"},"modified":"2026-01-07T11:51:38","modified_gmt":"2026-01-07T09:51:38","slug":"impresion-3d","status":"publish","type":"page","link":"https:\/\/www.skilledtattoos.com\/es\/impresion-3d\/","title":{"rendered":"Impresi\u00f3n 3D"},"content":{"rendered":"<div class=\"wpb-content-wrapper\"><p>[vc_row row_type=\u00bbparallax\u00bb content_aligment=\u00bbcenter\u00bb full_screen_section_height=\u00bbno\u00bb parallax_background_image=\u00bb7897&#8243;][vc_column]<div class=\"edgtf-elements-holder edgtf-responsive-mode-768\" ><div class=\"edgtf-elements-holder-item edgtf-horizontal-alignment-center\" data-item-class=\"edgtf-elements-holder-custom-670870\" data-1024-1280=\"12% 16% 12.4% 16%\" data-600-768=\"12% 18% 12.4% 18%\" data-480=\"12% 4% 12.4% 4%\" >\n\t\t<div class=\"edgtf-elements-holder-item-inner\">\n\t\t<div class=\"edgtf-elements-holder-item-content edgtf-elements-holder-custom-670870\" style=\"padding: 12% 28% 12.4% 28%\">\n\t\t\t[vc_column_text css=\u00bb\u00bb]<\/p>\n<h1><span style=\"color: #c59d5f;\">Impresi\u00f3n 3D<\/span><\/h1>\n<p>[\/vc_column_text][vc_empty_space height=\u00bb12px\u00bb]\t\t<\/div>\n\t<\/div>\n\t<\/div><\/div>[\/vc_column][\/vc_row][vc_row][vc_column][vc_empty_space][\/vc_column][\/vc_row][vc_row content_aligment=\u00bbcenter\u00bb][vc_column]<div class=\"edgtf-elements-holder edgtf-two-columns edgtf-responsive-mode-768\" ><div class=\"edgtf-elements-holder-item \" data-item-class=\"edgtf-elements-holder-custom-652845\" >\n\t\t<div class=\"edgtf-elements-holder-item-inner\">\n\t\t<div class=\"edgtf-elements-holder-item-content edgtf-elements-holder-custom-652845\" style=\"padding: 0 0 0 0\">\n\t\t\t[vc_single_image image=\u00bb8483&#8243; img_size=\u00bbfull\u00bb alignment=\u00bbcenter\u00bb css=\u00bb\u00bb]\t\t<\/div>\n\t<\/div>\n\t<\/div><div class=\"edgtf-elements-holder-item \" data-item-class=\"edgtf-elements-holder-custom-374156\" data-1280-1440=\"15.4% 11% 16.3% 11%\" data-768-1024=\"15.4% 13% 16.3% 13%\" data-480=\"15.4% 4% 16.3% 4%\" >\n\t\t<div class=\"edgtf-elements-holder-item-inner\">\n\t\t<div class=\"edgtf-elements-holder-item-content edgtf-elements-holder-custom-374156\" style=\"padding: 15.4% 21% 16.3% 21%\">\n\t\t\t[vc_column_text css=\u00bb\u00bb]<\/p>\n<h2>Impresi\u00f3n 3D<\/h2>\n<p>[\/vc_column_text][vc_empty_space height=\u00bb18px\u00bb][vc_column_text css=\u00bb\u00bb]<\/p>\n<p style=\"text-align: left;\">Como extra, y por pura pasi\u00f3n creativa, tambi\u00e9n pongo a disposici\u00f3n un servicio de dise\u00f1o e impresi\u00f3n 3D, ideal para prendas personalizadas, accesorios o proyectos especiales.<\/p>\n<p>[\/vc_column_text][vc_empty_space height=\u00bb31px\u00bb]<a href=\"https:\/\/www.skilledtattoos.com\/es\/contacto\" target=\"_self\"  class=\"edgtf-btn edgtf-btn-large edgtf-btn-solid edgtf-btn-hover-blink\"  >\n    <span class=\"edgtf-btn-text\">CONTACTO<\/span>\n    <\/a>[vc_empty_space height=\u00bb65px\u00bb][vc_single_image image=\u00bb8487&#8243; img_size=\u00bbfull\u00bb css=\u00bb\u00bb][vc_empty_space][vc_single_image image=\u00bb8489&#8243; img_size=\u00bbfull\u00bb css=\u00bb\u00bb][vc_empty_space][vc_single_image image=\u00bb8493&#8243; img_size=\u00bbfull\u00bb css=\u00bb\u00bb]\t\t<\/div>\n\t<\/div>\n\t<\/div><\/div>[\/vc_column][\/vc_row]<\/p>\n<\/div>","protected":false},"excerpt":{"rendered":"<p>[vc_row row_type=\u00bbparallax\u00bb content_aligment=\u00bbcenter\u00bb full_screen_section_height=\u00bbno\u00bb parallax_background_image=\u00bb7897&#8243;][vc_column][\/vc_column][\/vc_row][vc_row][vc_column][vc_empty_space][\/vc_column][\/vc_row][vc_row content_aligment=\u00bbcenter\u00bb][vc_column][\/vc_column][\/vc_row]<\/p>\n","protected":false},"author":1,"featured_media":0,"parent":0,"menu_order":3,"comment_status":"closed","ping_status":"closed","template":"full-width.php","meta":{"footnotes":""},"class_list":["post-8612","page","type-page","status-publish","hentry"],"aioseo_notices":[],"_links":{"self":[{"href":"https:\/\/www.skilledtattoos.com\/es\/wp-json\/wp\/v2\/pages\/8612","targetHints":{"allow":["GET"]}}],"collection":[{"href":"https:\/\/www.skilledtattoos.com\/es\/wp-json\/wp\/v2\/pages"}],"about":[{"href":"https:\/\/www.skilledtattoos.com\/es\/wp-json\/wp\/v2\/types\/page"}],"author":[{"embeddable":true,"href":"https:\/\/www.skilledtattoos.com\/es\/wp-json\/wp\/v2\/users\/1"}],"replies":[{"embeddable":true,"href":"https:\/\/www.skilledtattoos.com\/es\/wp-json\/wp\/v2\/comments?post=8612"}],"version-history":[{"count":2,"href":"https:\/\/www.skilledtattoos.com\/es\/wp-json\/wp\/v2\/pages\/8612\/revisions"}],"predecessor-version":[{"id":8632,"href":"https:\/\/www.skilledtattoos.com\/es\/wp-json\/wp\/v2\/pages\/8612\/revisions\/8632"}],"wp:attachment":[{"href":"https:\/\/www.skilledtattoos.com\/es\/wp-json\/wp\/v2\/media?parent=8612"}],"curies":[{"name":"wp","href":"https:\/\/api.w.org\/{rel}","templated":true}]}}