{"id":8618,"date":"2025-07-18T13:36:14","date_gmt":"2025-07-18T11:36:14","guid":{"rendered":"https:\/\/www.skilledtattoos.com\/contacte\/"},"modified":"2026-01-07T14:52:44","modified_gmt":"2026-01-07T12:52:44","slug":"contacto","status":"publish","type":"page","link":"https:\/\/www.skilledtattoos.com\/es\/contacto\/","title":{"rendered":"Contacto"},"content":{"rendered":"<div class=\"wpb-content-wrapper\"><p>[vc_row row_type=\u00bbparallax\u00bb content_aligment=\u00bbcenter\u00bb full_screen_section_height=\u00bbno\u00bb parallax_background_image=\u00bb7846&#8243;][vc_column]<div class=\"edgtf-elements-holder edgtf-responsive-mode-768\" ><div class=\"edgtf-elements-holder-item edgtf-horizontal-alignment-center\" data-item-class=\"edgtf-elements-holder-custom-167911\" data-1024-1280=\"12% 16% 12.4% 16%\" data-600-768=\"12% 18% 12.4% 18%\" data-480=\"12% 4% 12.4% 4%\" >\n\t\t<div class=\"edgtf-elements-holder-item-inner\">\n\t\t<div class=\"edgtf-elements-holder-item-content edgtf-elements-holder-custom-167911\" style=\"padding: 12% 28% 12.4% 28%\">\n\t\t\t[vc_column_text css=\u00bb\u00bb]<\/p>\n<h1><span style=\"color: #c59d5f;\">contacto<\/span><\/h1>\n<p>[\/vc_column_text][vc_empty_space height=\u00bb12px\u00bb]\t\t<\/div>\n\t<\/div>\n\t<\/div><\/div>[\/vc_column][\/vc_row][vc_row content_width=\u00bbgrid\u00bb css=\u00bb.vc_custom_1485878529174{padding-top: 127px !important;padding-bottom: 70px !important;}\u00bb][vc_column offset=\u00bbvc_col-lg-3 vc_col-md-12&#8243;][vc_column_text css=\u00bb\u00bb]<\/p>\n<h2>SOLSONA<\/h2>\n<p>[\/vc_column_text][vc_empty_space height=\u00bb17px\u00bb][vc_row_inner][vc_column_inner css=\u00bb.vc_custom_1485878075640{margin-left: -4px !important;}\u00bb][vc_empty_space height=\u00bb15px\u00bb]<div class=\"edgtf-icon-list-item \" >\n\t<div class=\"edgtf-icon-list-icon-holder\">\n\t\t\t\t\t<a class=\"edgtf-icon-item-link\" href=\"#\" target=\"_self\"><\/a>\n\t\t        <div class=\"edgtf-icon-list-icon-holder-inner clearfix\">\n\t\t\t<span aria-hidden=\"true\" class=\"edgtf-icon-font-elegant icon_pin \" style=\"\" ><\/span>\t\t<\/div>\n\t<\/div>\n\t<p class=\"edgtf-icon-list-text\"  > C\/ Castell, 8<\/p>\n<\/div><div class=\"edgtf-icon-list-item \" >\n\t<div class=\"edgtf-icon-list-icon-holder\">\n\t\t\t\t\t<a class=\"edgtf-icon-item-link\" href=\"#\" target=\"_self\"><\/a>\n\t\t        <div class=\"edgtf-icon-list-icon-holder-inner clearfix\">\n\t\t\t<span aria-hidden=\"true\" class=\"edgtf-icon-font-elegant icon_map_alt \" style=\"\" ><\/span>\t\t<\/div>\n\t<\/div>\n\t<p class=\"edgtf-icon-list-text\"  > 25280 Solsona<\/p>\n<\/div>[vc_empty_space height=\u00bb5px\u00bb]<div class=\"edgtf-icon-list-item \" >\n\t<div class=\"edgtf-icon-list-icon-holder\">\n\t\t\t\t\t<a class=\"edgtf-icon-item-link\" href=\"#\" target=\"_self\"><\/a>\n\t\t        <div class=\"edgtf-icon-list-icon-holder-inner clearfix\">\n\t\t\t<span aria-hidden=\"true\" class=\"edgtf-icon-font-elegant icon_mobile \" style=\"\" ><\/span>\t\t<\/div>\n\t<\/div>\n\t<p class=\"edgtf-icon-list-text\"  > 679 09 17 00<\/p>\n<\/div>[vc_empty_space height=\u00bb5px\u00bb]<div class=\"edgtf-icon-list-item \" >\n\t<div class=\"edgtf-icon-list-icon-holder\">\n\t\t\t\t\t<a class=\"edgtf-icon-item-link\" href=\"#\" target=\"_self\"><\/a>\n\t\t        <div class=\"edgtf-icon-list-icon-holder-inner clearfix\">\n\t\t\t<span aria-hidden=\"true\" class=\"edgtf-icon-font-elegant icon_mail \" style=\"\" ><\/span>\t\t<\/div>\n\t<\/div>\n\t<p class=\"edgtf-icon-list-text\"  > skilledtattoos@gmail.com<\/p>\n<\/div>[vc_empty_space height=\u00bb13px\u00bb][\/vc_column_inner][\/vc_row_inner][vc_empty_space height=\u00bb20px\u00bb][vc_raw_html css=\u00bb\u00bb]JTNDaWZyYW1lJTIwYXJpYS1sYWJlbCUzRCUyMkdvb2dsZSUyME1hcCUyMiUyMHNyYyUzRCUyMmh0dHBzJTNBJTJGJTJGd3d3Lmdvb2dsZS5jb20lMkZtYXBzJTJGZW1iZWQlM0ZwYiUzRCUyMTFtMTglMjExbTEyJTIxMW0zJTIxMWQzNTYuNjU2Njk5MjkzMjQzOCUyMTJkMS41MTc2MzU2OTYwNzgxNjglMjEzZDQxLjk5NDQ3MTYyMTAxMTUlMjEybTMlMjExZjAlMjEyZjAlMjEzZjAlMjEzbTIlMjExaTEwMjQlMjEyaTc2OCUyMTRmMTMuMSUyMTNtMyUyMTFtMiUyMTFzMHgxMmE1YzkwYTQ3NzFhNjg3JTI1M0EweDY1YTg5YTY4YTM1NDk0OTAlMjEyc1NraWxsZWQlMjUyMFRhdHRvb3MlMjE1ZTAlMjEzbTIlMjExc2VzJTIxMnNlcyUyMTR2MTc1MzA4NTgxODk1MyUyMTVtMiUyMTFzZXMlMjEyc2VzJTIyJTIwd2lkdGglM0QlMjI2MDAlMjIlMjBoZWlnaHQlM0QlMjI0NTAlMjIlMjBzdHlsZSUzRCUyMmJvcmRlciUzQTAlM0IlMjIlMjBhbGxvd2Z1bGxzY3JlZW4lM0QlMjIlMjIlMjBsb2FkaW5nJTNEJTIybGF6eSUyMiUyMHJlZmVycmVycG9saWN5JTNEJTIybm8tcmVmZXJyZXItd2hlbi1kb3duZ3JhZGUlMjIlM0UlM0MlMkZpZnJhbWUlM0U=[\/vc_raw_html][vc_empty_space height=\u00bb51px\u00bb][\/vc_column][vc_column offset=\u00bbvc_col-lg-3 vc_col-md-12&#8243;][vc_column_text css=\u00bb\u00bb]<\/p>\n<h2>RIALP<\/h2>\n<p>[\/vc_column_text][vc_empty_space height=\u00bb17px\u00bb][vc_row_inner][vc_column_inner css=\u00bb.vc_custom_1485878107679{margin-left: -4px !important;}\u00bb][vc_empty_space height=\u00bb15px\u00bb]<div class=\"edgtf-icon-list-item \" >\n\t<div class=\"edgtf-icon-list-icon-holder\">\n\t\t\t\t\t<a class=\"edgtf-icon-item-link\" href=\"#\" target=\"_self\"><\/a>\n\t\t        <div class=\"edgtf-icon-list-icon-holder-inner clearfix\">\n\t\t\t<span aria-hidden=\"true\" class=\"edgtf-icon-font-elegant icon_pin \" style=\"\" ><\/span>\t\t<\/div>\n\t<\/div>\n\t<p class=\"edgtf-icon-list-text\"  > Avda. de Flora Cadena 53, 2n 1a<\/p>\n<\/div><div class=\"edgtf-icon-list-item \" >\n\t<div class=\"edgtf-icon-list-icon-holder\">\n\t\t\t\t\t<a class=\"edgtf-icon-item-link\" href=\"#\" target=\"_self\"><\/a>\n\t\t        <div class=\"edgtf-icon-list-icon-holder-inner clearfix\">\n\t\t\t<span aria-hidden=\"true\" class=\"edgtf-icon-font-elegant icon_map_alt \" style=\"\" ><\/span>\t\t<\/div>\n\t<\/div>\n\t<p class=\"edgtf-icon-list-text\"  > 25594 Rialp<\/p>\n<\/div>[vc_empty_space height=\u00bb5px\u00bb]<div class=\"edgtf-icon-list-item \" >\n\t<div class=\"edgtf-icon-list-icon-holder\">\n\t\t\t\t\t<a class=\"edgtf-icon-item-link\" href=\"#\" target=\"_self\"><\/a>\n\t\t        <div class=\"edgtf-icon-list-icon-holder-inner clearfix\">\n\t\t\t<span aria-hidden=\"true\" class=\"edgtf-icon-font-elegant icon_mobile \" style=\"\" ><\/span>\t\t<\/div>\n\t<\/div>\n\t<p class=\"edgtf-icon-list-text\"  > 679 09 17 00<\/p>\n<\/div>[vc_empty_space height=\u00bb5px\u00bb]<div class=\"edgtf-icon-list-item \" >\n\t<div class=\"edgtf-icon-list-icon-holder\">\n\t\t\t\t\t<a class=\"edgtf-icon-item-link\" href=\"#\" target=\"_self\"><\/a>\n\t\t        <div class=\"edgtf-icon-list-icon-holder-inner clearfix\">\n\t\t\t<span aria-hidden=\"true\" class=\"edgtf-icon-font-elegant icon_mail \" style=\"\" ><\/span>\t\t<\/div>\n\t<\/div>\n\t<p class=\"edgtf-icon-list-text\"  > skilledtattoos@gmail.com<\/p>\n<\/div>[vc_empty_space height=\u00bb13px\u00bb][\/vc_column_inner][\/vc_row_inner][vc_empty_space height=\u00bb20px\u00bb][vc_raw_html css=\u00bb\u00bb]JTNDaWZyYW1lJTIwYXJpYS1sYWJlbCUzRCUyMkdvb2dsZSUyME1hcCUyMiUyMHNyYyUzRCUyMmh0dHBzJTNBJTJGJTJGd3d3Lmdvb2dsZS5jb20lMkZtYXBzJTJGZW1iZWQlM0ZwYiUzRCUyMTFtMTglMjExbTEyJTIxMW0zJTIxMWQ3MTcuMzk0NjE5MjY4MTQ1OCUyMTJkMS4xMzUzMjk5Mjk2MzI1MjYzJTIxM2Q0Mi40NDQ3NDgxMDY2MjE4OTQlMjEybTMlMjExZjAlMjEyZjAlMjEzZjAlMjEzbTIlMjExaTEwMjQlMjEyaTc2OCUyMTRmMTMuMSUyMTNtMyUyMTFtMiUyMTFzMHgxMmE2MDQyMDdmNWI1Y2Y3JTI1M0EweDYzNGJjMmU5ZGRiMTQ3ZmYlMjEyc0F2aW5ndWRhJTI1MjBGbG9yYSUyNTIwQ2FkZW5hJTI1MkMlMjUyMDUzJTI1MkMlMjUyMDI1NTk0JTI1MjBSaWFscCUyNTJDJTI1MjBMJTI1QzMlMjVBOXJpZGElMjE1ZTAlMjEzbTIlMjExc2VzJTIxMnNlcyUyMTR2MTc1MzA5MDA0ODg3MCUyMTVtMiUyMTFzZXMlMjEyc2VzJTIyJTIwd2lkdGglM0QlMjI2MDAlMjIlMjBoZWlnaHQlM0QlMjI0NTAlMjIlMjBzdHlsZSUzRCUyMmJvcmRlciUzQTAlM0IlMjIlMjBhbGxvd2Z1bGxzY3JlZW4lM0QlMjIlMjIlMjBsb2FkaW5nJTNEJTIybGF6eSUyMiUyMHJlZmVycmVycG9saWN5JTNEJTIybm8tcmVmZXJyZXItd2hlbi1kb3duZ3JhZGUlMjIlM0UlM0MlMkZpZnJhbWUlM0U=[\/vc_raw_html][vc_empty_space height=\u00bb51px\u00bb][\/vc_column][vc_column offset=\u00bbvc_col-lg-6 vc_col-md-12&#8243;]\n<div class=\"wpcf7 no-js\" id=\"wpcf7-f8614-o1\" lang=\"ca\" dir=\"ltr\" data-wpcf7-id=\"8614\">\n<div class=\"screen-reader-response\"><p role=\"status\" aria-live=\"polite\" aria-atomic=\"true\"><\/p> <ul><\/ul><\/div>\n<form action=\"\/es\/wp-json\/wp\/v2\/pages\/8618#wpcf7-f8614-o1\" method=\"post\" class=\"wpcf7-form init cf7_custom_style_2\" aria-label=\"Formulari de contacte\" novalidate=\"novalidate\" data-status=\"init\">\n<fieldset class=\"hidden-fields-container\"><input type=\"hidden\" name=\"_wpcf7\" value=\"8614\" \/><input type=\"hidden\" name=\"_wpcf7_version\" value=\"6.1\" \/><input type=\"hidden\" name=\"_wpcf7_locale\" value=\"ca\" \/><input type=\"hidden\" name=\"_wpcf7_unit_tag\" value=\"wpcf7-f8614-o1\" \/><input type=\"hidden\" name=\"_wpcf7_container_post\" value=\"0\" \/><input type=\"hidden\" name=\"_wpcf7_posted_data_hash\" value=\"\" \/><input type=\"hidden\" name=\"_wpcf7_recaptcha_response\" value=\"\" \/>\n<\/fieldset>\n<p><label> Nombre<br \/>\n<span class=\"wpcf7-form-control-wrap\" data-name=\"your-name\"><input size=\"40\" maxlength=\"400\" class=\"wpcf7-form-control wpcf7-text wpcf7-validates-as-required\" autocomplete=\"name\" aria-required=\"true\" aria-invalid=\"false\" value=\"\" type=\"text\" name=\"your-name\" \/><\/span> <\/label>\n<\/p>\n<p><label> Correo electr\u00f3nico<br \/>\n<span class=\"wpcf7-form-control-wrap\" data-name=\"your-email\"><input size=\"40\" maxlength=\"400\" class=\"wpcf7-form-control wpcf7-email wpcf7-validates-as-required wpcf7-text wpcf7-validates-as-email\" autocomplete=\"email\" aria-required=\"true\" aria-invalid=\"false\" value=\"\" type=\"email\" name=\"your-email\" \/><\/span> <\/label>\n<\/p>\n<p><label> Asunto<br \/>\n<span class=\"wpcf7-form-control-wrap\" data-name=\"your-subject\"><input size=\"40\" maxlength=\"400\" class=\"wpcf7-form-control wpcf7-text wpcf7-validates-as-required\" aria-required=\"true\" aria-invalid=\"false\" value=\"\" type=\"text\" name=\"your-subject\" \/><\/span> <\/label>\n<\/p>\n<p><label> Mensaje (opcional)<br \/>\n<span class=\"wpcf7-form-control-wrap\" data-name=\"your-message\"><textarea cols=\"40\" rows=\"10\" maxlength=\"2000\" class=\"wpcf7-form-control wpcf7-textarea\" aria-invalid=\"false\" name=\"your-message\"><\/textarea><\/span> <\/label>\n<\/p>\n<p><span><span class=\"wpcf7-form-control-wrap\" data-name=\"acceptance-279\"><span class=\"wpcf7-form-control wpcf7-acceptance\"><span class=\"wpcf7-list-item\"><input type=\"checkbox\" name=\"acceptance-279\" value=\"1\" aria-invalid=\"false\" \/><\/span><\/span><\/span> He le\u00eddo y acepto la <a target=\"_blank\" rel=\"nofollow noopener noreferrer\" href=\"https:\/\/www.skilledtattoos.com\/es\/politica-de-privacidad\">Pol\u00edtica de Privacidad<\/a>.<\/span>\n<\/p>\n<p><span><span class=\"wpcf7-form-control-wrap\" data-name=\"acceptance-280\"><span class=\"wpcf7-form-control wpcf7-acceptance optional\"><span class=\"wpcf7-list-item\"><input type=\"checkbox\" name=\"acceptance-280\" value=\"1\" aria-invalid=\"false\" \/><\/span><\/span><\/span> Autorizo el env\u00edo de informaci\u00f3n comercial y del bolet\u00edn de noticias.<\/span>\n<\/p>\n<p><input class=\"wpcf7-form-control wpcf7-submit has-spinner\" type=\"submit\" value=\"Enviar\" \/>\n<\/p><div class=\"wpcf7-response-output\" aria-hidden=\"true\"><\/div>\n<\/form>\n<\/div>\n[vc_empty_space height=\u00bb60px\u00bb][\/vc_column][\/vc_row]<\/p>\n<\/div>","protected":false},"excerpt":{"rendered":"<p>[vc_row row_type=\u00bbparallax\u00bb content_aligment=\u00bbcenter\u00bb full_screen_section_height=\u00bbno\u00bb parallax_background_image=\u00bb7846&#8243;][vc_column][\/vc_column][\/vc_row][vc_row content_width=\u00bbgrid\u00bb css=\u00bb.vc_custom_1485878529174{padding-top: 127px !important;padding-bottom: 70px !important;}\u00bb][vc_column offset=\u00bbvc_col-lg-3 vc_col-md-12&#8243;][vc_column_text css=\u00bb\u00bb] SOLSONA [\/vc_column_text][vc_empty_space height=\u00bb17px\u00bb][vc_row_inner][vc_column_inner css=\u00bb.vc_custom_1485878075640{margin-left: -4px !important;}\u00bb][vc_empty_space height=\u00bb15px\u00bb][vc_empty_space height=\u00bb5px\u00bb][vc_empty_space height=\u00bb5px\u00bb][vc_empty_space height=\u00bb13px\u00bb][\/vc_column_inner][\/vc_row_inner][vc_empty_space height=\u00bb20px\u00bb][vc_raw_html css=\u00bb\u00bb]JTNDaWZyYW1lJTIwYXJpYS1sYWJlbCUzRCUyMkdvb2dsZSUyME1hcCUyMiUyMHNyYyUzRCUyMmh0dHBzJTNBJTJGJTJGd3d3Lmdvb2dsZS5jb20lMkZtYXBzJTJGZW1iZWQlM0ZwYiUzRCUyMTFtMTglMjExbTEyJTIxMW0zJTIxMWQzNTYuNjU2Njk5MjkzMjQzOCUyMTJkMS41MTc2MzU2OTYwNzgxNjglMjEzZDQxLjk5NDQ3MTYyMTAxMTUlMjEybTMlMjExZjAlMjEyZjAlMjEzZjAlMjEzbTIlMjExaTEwMjQlMjEyaTc2OCUyMTRmMTMuMSUyMTNtMyUyMTFtMiUyMTFzMHgxMmE1YzkwYTQ3NzFhNjg3JTI1M0EweDY1YTg5YTY4YTM1NDk0OTAlMjEyc1NraWxsZWQlMjUyMFRhdHRvb3MlMjE1ZTAlMjEzbTIlMjExc2VzJTIxMnNlcyUyMTR2MTc1MzA4NTgxODk1MyUyMTVtMiUyMTFzZXMlMjEyc2VzJTIyJTIwd2lkdGglM0QlMjI2MDAlMjIlMjBoZWlnaHQlM0QlMjI0NTAlMjIlMjBzdHlsZSUzRCUyMmJvcmRlciUzQTAlM0IlMjIlMjBhbGxvd2Z1bGxzY3JlZW4lM0QlMjIlMjIlMjBsb2FkaW5nJTNEJTIybGF6eSUyMiUyMHJlZmVycmVycG9saWN5JTNEJTIybm8tcmVmZXJyZXItd2hlbi1kb3duZ3JhZGUlMjIlM0UlM0MlMkZpZnJhbWUlM0U=[\/vc_raw_html][vc_empty_space height=\u00bb51px\u00bb][\/vc_column][vc_column offset=\u00bbvc_col-lg-3 vc_col-md-12&#8243;][vc_column_text css=\u00bb\u00bb] RIALP [\/vc_column_text][vc_empty_space height=\u00bb17px\u00bb][vc_row_inner][vc_column_inner css=\u00bb.vc_custom_1485878107679{margin-left: -4px !important;}\u00bb][vc_empty_space height=\u00bb15px\u00bb][vc_empty_space height=\u00bb5px\u00bb][vc_empty_space height=\u00bb5px\u00bb][vc_empty_space height=\u00bb13px\u00bb][\/vc_column_inner][\/vc_row_inner][vc_empty_space height=\u00bb20px\u00bb][vc_raw_html css=\u00bb\u00bb]JTNDaWZyYW1lJTIwYXJpYS1sYWJlbCUzRCUyMkdvb2dsZSUyME1hcCUyMiUyMHNyYyUzRCUyMmh0dHBzJTNBJTJGJTJGd3d3Lmdvb2dsZS5jb20lMkZtYXBzJTJGZW1iZWQlM0ZwYiUzRCUyMTFtMTglMjExbTEyJTIxMW0zJTIxMWQ3MTcuMzk0NjE5MjY4MTQ1OCUyMTJkMS4xMzUzMjk5Mjk2MzI1MjYzJTIxM2Q0Mi40NDQ3NDgxMDY2MjE4OTQlMjEybTMlMjExZjAlMjEyZjAlMjEzZjAlMjEzbTIlMjExaTEwMjQlMjEyaTc2OCUyMTRmMTMuMSUyMTNtMyUyMTFtMiUyMTFzMHgxMmE2MDQyMDdmNWI1Y2Y3JTI1M0EweDYzNGJjMmU5ZGRiMTQ3ZmYlMjEyc0F2aW5ndWRhJTI1MjBGbG9yYSUyNTIwQ2FkZW5hJTI1MkMlMjUyMDUzJTI1MkMlMjUyMDI1NTk0JTI1MjBSaWFscCUyNTJDJTI1MjBMJTI1QzMlMjVBOXJpZGElMjE1ZTAlMjEzbTIlMjExc2VzJTIxMnNlcyUyMTR2MTc1MzA5MDA0ODg3MCUyMTVtMiUyMTFzZXMlMjEyc2VzJTIyJTIwd2lkdGglM0QlMjI2MDAlMjIlMjBoZWlnaHQlM0QlMjI0NTAlMjIlMjBzdHlsZSUzRCUyMmJvcmRlciUzQTAlM0IlMjIlMjBhbGxvd2Z1bGxzY3JlZW4lM0QlMjIlMjIlMjBsb2FkaW5nJTNEJTIybGF6eSUyMiUyMHJlZmVycmVycG9saWN5JTNEJTIybm8tcmVmZXJyZXItd2hlbi1kb3duZ3JhZGUlMjIlM0UlM0MlMkZpZnJhbWUlM0U=[\/vc_raw_html][vc_empty_space height=\u00bb51px\u00bb][\/vc_column][vc_column offset=\u00bbvc_col-lg-6 vc_col-md-12&#8243;][vc_empty_space&#8230;<\/p>\n","protected":false},"author":1,"featured_media":0,"parent":0,"menu_order":4,"comment_status":"closed","ping_status":"closed","template":"full-width.php","meta":{"footnotes":""},"class_list":["post-8618","page","type-page","status-publish","hentry"],"aioseo_notices":[],"_links":{"self":[{"href":"https:\/\/www.skilledtattoos.com\/es\/wp-json\/wp\/v2\/pages\/8618","targetHints":{"allow":["GET"]}}],"collection":[{"href":"https:\/\/www.skilledtattoos.com\/es\/wp-json\/wp\/v2\/pages"}],"about":[{"href":"https:\/\/www.skilledtattoos.com\/es\/wp-json\/wp\/v2\/types\/page"}],"author":[{"embeddable":true,"href":"https:\/\/www.skilledtattoos.com\/es\/wp-json\/wp\/v2\/users\/1"}],"replies":[{"embeddable":true,"href":"https:\/\/www.skilledtattoos.com\/es\/wp-json\/wp\/v2\/comments?post=8618"}],"version-history":[{"count":4,"href":"https:\/\/www.skilledtattoos.com\/es\/wp-json\/wp\/v2\/pages\/8618\/revisions"}],"predecessor-version":[{"id":8641,"href":"https:\/\/www.skilledtattoos.com\/es\/wp-json\/wp\/v2\/pages\/8618\/revisions\/8641"}],"wp:attachment":[{"href":"https:\/\/www.skilledtattoos.com\/es\/wp-json\/wp\/v2\/media?parent=8618"}],"curies":[{"name":"wp","href":"https:\/\/api.w.org\/{rel}","templated":true}]}}